{"id":65731,"date":"2025-03-01T14:24:07","date_gmt":"2025-03-01T13:24:07","guid":{"rendered":"https:\/\/wksm.uwr.edu.pl\/?page_id=65731"},"modified":"2025-11-12T09:22:01","modified_gmt":"2025-11-12T08:22:01","slug":"language-classes","status":"publish","type":"page","link":"https:\/\/wksm.uwr.edu.pl\/en\/language-classes\/","title":{"rendered":"Language classes"},"content":{"rendered":"\n<div class=\"wp-block-ugb-container ugb-container blok_nowa_podstrona ugb-8dda971 ugb-container--v2 ugb-container--design-plain ugb-main-block\"><div class=\"ugb-inner-block\"><div class=\"ugb-block-content\"><div class=\"ugb-container__wrapper ugb-8dda971-wrapper\"><div class=\"ugb-container__side\"><div class=\"ugb-container__content-wrapper ugb-8dda971-content-wrapper\">\n<div class=\"wp-block-columns bs-news-page is-layout-flex wp-block-columns-is-layout-flex\">\n<div class=\"wp-block-column bs-kontakt-photo is-layout-flow wp-block-column-is-layout-flow\">\n<figure class=\"wp-block-image size-full\"><img loading=\"lazy\" decoding=\"async\" width=\"2560\" height=\"1707\" src=\"https:\/\/wksm.uwr.edu.pl\/wp-content\/uploads\/sites\/540\/2025\/01\/studenci-UWr-fot.-Magdalena-Marcula-Biuro-ds.-Promocji-UWr-3-scaled.jpg\" alt=\"Studenci UWr\" class=\"wp-image-63043\" srcset=\"https:\/\/wksm.uwr.edu.pl\/wp-content\/uploads\/sites\/540\/2025\/01\/studenci-UWr-fot.-Magdalena-Marcula-Biuro-ds.-Promocji-UWr-3-scaled.jpg 2560w, https:\/\/wksm.uwr.edu.pl\/wp-content\/uploads\/sites\/540\/2025\/01\/studenci-UWr-fot.-Magdalena-Marcula-Biuro-ds.-Promocji-UWr-3-300x200.jpg 300w, https:\/\/wksm.uwr.edu.pl\/wp-content\/uploads\/sites\/540\/2025\/01\/studenci-UWr-fot.-Magdalena-Marcula-Biuro-ds.-Promocji-UWr-3-1024x683.jpg 1024w, https:\/\/wksm.uwr.edu.pl\/wp-content\/uploads\/sites\/540\/2025\/01\/studenci-UWr-fot.-Magdalena-Marcula-Biuro-ds.-Promocji-UWr-3-768x512.jpg 768w, https:\/\/wksm.uwr.edu.pl\/wp-content\/uploads\/sites\/540\/2025\/01\/studenci-UWr-fot.-Magdalena-Marcula-Biuro-ds.-Promocji-UWr-3-1536x1024.jpg 1536w, https:\/\/wksm.uwr.edu.pl\/wp-content\/uploads\/sites\/540\/2025\/01\/studenci-UWr-fot.-Magdalena-Marcula-Biuro-ds.-Promocji-UWr-3-2048x1365.jpg 2048w, https:\/\/wksm.uwr.edu.pl\/wp-content\/uploads\/sites\/540\/2025\/01\/studenci-UWr-fot.-Magdalena-Marcula-Biuro-ds.-Promocji-UWr-3-24x16.jpg 24w, https:\/\/wksm.uwr.edu.pl\/wp-content\/uploads\/sites\/540\/2025\/01\/studenci-UWr-fot.-Magdalena-Marcula-Biuro-ds.-Promocji-UWr-3-36x24.jpg 36w, https:\/\/wksm.uwr.edu.pl\/wp-content\/uploads\/sites\/540\/2025\/01\/studenci-UWr-fot.-Magdalena-Marcula-Biuro-ds.-Promocji-UWr-3-48x32.jpg 48w\" sizes=\"auto, (max-width: 2560px) 100vw, 2560px\" \/><figcaption class=\"wp-element-caption\">\ud83d\udcf7 Magdalena Marcula<\/figcaption><\/figure>\n<\/div>\n\n\n\n<div class=\"wp-block-column bs-contact-right-column is-layout-flow wp-block-column-is-layout-flow\">\n<div class=\"wp-block-bonasoft-modular-breadcrumbs-block\"><div class=\"bs_add_breadcrumb_trail\"><\/div><\/div>\n\n\n\n<hr class=\"wp-block-separator has-text-color has-black-color has-css-opacity has-black-background-color has-background is-style-wide bs-border-kontakt\"\/>\n\n\n<h1 style=\"font-style:normal;font-weight:700;\" class=\"bs-naglowek-podstrony wp-block-post-title\">Language classes<\/h1>\n\n\n<div style=\"height:50px\" aria-hidden=\"true\" class=\"wp-block-spacer\"><\/div>\n\n\n<div class=\"bs__links\">\r\n    <div class=\"bs__links__section\">\r\n        <ul class=\"bs__links__list\">\r\n                            <li class=\"bs__links__list__item\">\r\n                    <a href=\"#polish-language-course\" class=\"bs__links__list__item__link\">\r\n                        Polish Language Course \r\n                        <div class=\"bs__links__list__item__link__before__icon\">\r\n                            <div class=\"bs__links__list__item__link__icon\">\r\n                                <svg width=\"40px\" height=\"40px\" viewBox=\"0 0 22 16\" version=\"1.1\">\r\n                                <g stroke=\"none\" strokeWidth=\"1\" fill=\"black\" fillRule=\"evenodd\">\r\n                                    <g>\r\n                                    <polygon points=\"13.4875 0 12 1.6215 18.7875 8 12 14.3795 13.4875 16 21.9995 8\" \/>\r\n                                    <\/g>\r\n                                <\/g>\r\n                                <\/svg>\r\n                            <\/div>\r\n                        <\/div>\r\n                    <\/a>\r\n                <li>\r\n                            <li class=\"bs__links__list__item\">\r\n                    <a href=\"#foreign-language-course\" class=\"bs__links__list__item__link\">\r\n                        Foreign Language Course \r\n                        <div class=\"bs__links__list__item__link__before__icon\">\r\n                            <div class=\"bs__links__list__item__link__icon\">\r\n                                <svg width=\"40px\" height=\"40px\" viewBox=\"0 0 22 16\" version=\"1.1\">\r\n                                <g stroke=\"none\" strokeWidth=\"1\" fill=\"black\" fillRule=\"evenodd\">\r\n                                    <g>\r\n                                    <polygon points=\"13.4875 0 12 1.6215 18.7875 8 12 14.3795 13.4875 16 21.9995 8\" \/>\r\n                                    <\/g>\r\n                                <\/g>\r\n                                <\/svg>\r\n                            <\/div>\r\n                        <\/div>\r\n                    <\/a>\r\n                <li>\r\n                    <\/ul>\r\n    <\/div>\r\n<\/div><\/div>\n<\/div>\n\n\n\n<div class=\"wp-block-ugb-container ugb-container bs-news-page-under ugb-f8694ce ugb-container--v2 ugb-container--design-plain ugb-main-block\"><div class=\"ugb-inner-block\"><div class=\"ugb-block-content\"><div class=\"ugb-container__wrapper ugb-f8694ce-wrapper\"><div class=\"ugb-container__side\"><div class=\"ugb-container__content-wrapper ugb-f8694ce-content-wrapper\">\n<div style=\"height:50px\" aria-hidden=\"true\" id=\"polish-language-course\" class=\"wp-block-spacer\"><\/div>\n\n\n\n<h2 class=\"wp-block-heading\"><strong>Polish Language Course<\/strong><\/h2>\n\n\n\n<div class=\"wp-block-stackable-text stk-block-text stk-block stk-41af0fa\" data-block-id=\"41af0fa\"><p class=\"stk-block-text__text\">The Polish Language Course is mandatory for all international students.<\/p><\/div>\n\n\n\n<ul class=\"wp-block-list\">\n<li><strong>For full-time students<\/strong>:<br>The course is organized by the School of Polish Language and Culture for Foreigners (<em>Szko\u0142a J\u0119zyka Polskiego i Kultury dla Cudzoziemc\u00f3w<\/em>). To enroll, students are required to send a notification of participation to the School at <strong><a href=\"mailto:sjpkc@uwr.edu.pl\">sjpkc@uwr.edu.pl<\/a><\/strong> or directly to <strong>Mr. Rafa\u0142 Krawczyk<\/strong> at <strong><a href=\"mailto:rafal.krawczyk@uwr.edu.pl\">rafal.krawczyk@uwr.edu.pl<\/a><\/strong>.<\/li>\n\n\n\n<li><strong>For part-time students<\/strong>:<br>The course is organized by the Institute. Enrollment is automatic, and no additional notification of participation is required.<\/li>\n<\/ul>\n\n\n\n<p>For more details, please visit the <a href=\"https:\/\/sjpik.uni.wroc.pl\/en\">School\u2019s website<\/a>.<\/p>\n\n\n\n<div style=\"height:100px\" aria-hidden=\"true\" id=\"#foreign-language-course\" class=\"wp-block-spacer\"><\/div>\n\n\n\n<div class=\"wp-block-stackable-heading stk-block-heading stk-block-heading--v2 stk-block stk-5f4aab9\" id=\"strong-foreign-language-course-strong\" data-block-id=\"5f4aab9\"><h2 class=\"stk-block-heading__text\"><strong>Foreign Language Course<\/strong><\/h2><\/div>\n\n\n\n<div class=\"wp-block-stackable-text stk-block-text stk-block stk-7d00a90\" data-block-id=\"7d00a90\"><p class=\"stk-block-text__text\">The Foreign Languages Course is mandatory for all students, both Polish and international. Students are required to complete a course in any foreign language offered by the Foreign Languages Centre (<em>Studium Praktycznej Nauki J\u0119zyk\u00f3w Obcych<\/em>) at a minimum B2+ proficiency level.<\/p><\/div>\n\n\n\n<p>For full-time students: <strong><a href=\"mailto:karolina.manczyk@uwr.edu.pl\">karolina.manczyk@uwr.edu.pl<\/a><\/strong><\/p>\n\n\n\n<p>For part-time students: <strong><a href=\"mailto:ewa.kuzbik@uwr.edu.pl\">ewa.kuzbik@uwr.edu.pl<\/a><\/strong><\/p>\n\n\n\n<p><strong>Exemption options<\/strong>:<\/p>\n\n\n\n<p>Students may be exempt from this requirement if they hold:<\/p>\n\n\n\n<ul class=\"wp-block-list\">\n<li>A recognized foreign language certificate at a minimum B2+ level<\/li>\n\n\n\n<li>A Bachelor\u2019s degree in a foreign language philology.<br>The recognition of certificates or diplomas is subject to the Foreign Languages Centre\u2019s guidelines.<\/li>\n<\/ul>\n\n\n\n<p>For more information, please visit the <a href=\"https:\/\/spnjo.uwr.edu.pl\/en\/\">Centre\u2019s website<\/a>.<\/p>\n<\/div><\/div><\/div><\/div><\/div><\/div>\n<\/div><\/div><\/div><\/div><\/div><\/div>\n","protected":false},"excerpt":{"rendered":"<p>Polish Language Course The Polish Language Course is mandatory for all international students. For more details, please visit the School\u2019s website. Foreign Language Course The Foreign Languages Course is mandatory for all students, both Polish and international. Students are required to complete a course in any foreign language offered by the Foreign Languages Centre (Studium [&hellip;]<\/p>\n","protected":false},"author":9417,"featured_media":0,"parent":0,"menu_order":0,"comment_status":"closed","ping_status":"closed","template":"","meta":{"_acf_changed":false,"inline_featured_image":false,"site-sidebar-layout":"default","site-content-layout":"","ast-site-content-layout":"default","site-content-style":"default","site-sidebar-style":"default","ast-global-header-display":"","ast-banner-title-visibility":"","ast-main-header-display":"","ast-hfb-above-header-display":"","ast-hfb-below-header-display":"","ast-hfb-mobile-header-display":"","site-post-title":"","ast-breadcrumbs-content":"","ast-featured-img":"","footer-sml-layout":"","ast-disable-related-posts":"","theme-transparent-header-meta":"","adv-header-id-meta":"","stick-header-meta":"","header-above-stick-meta":"","header-main-stick-meta":"","header-below-stick-meta":"","astra-migrate-meta-layouts":"set","ast-page-background-enabled":"default","ast-page-background-meta":{"desktop":{"background-color":"","background-image":"","background-repeat":"repeat","background-position":"center center","background-size":"auto","background-attachment":"scroll","background-type":"","background-media":"","overlay-type":"","overlay-color":"","overlay-opacity":"","overlay-gradient":""},"tablet":{"background-color":"","background-image":"","background-repeat":"repeat","background-position":"center center","background-size":"auto","background-attachment":"scroll","background-type":"","background-media":"","overlay-type":"","overlay-color":"","overlay-opacity":"","overlay-gradient":""},"mobile":{"background-color":"","background-image":"","background-repeat":"repeat","background-position":"center center","background-size":"auto","background-attachment":"scroll","background-type":"","background-media":"","overlay-type":"","overlay-color":"","overlay-opacity":"","overlay-gradient":""}},"ast-content-background-meta":{"desktop":{"background-color":"var(--ast-global-color-5)","background-image":"","background-repeat":"repeat","background-position":"center center","background-size":"auto","background-attachment":"scroll","background-type":"","background-media":"","overlay-type":"","overlay-color":"","overlay-opacity":"","overlay-gradient":""},"tablet":{"background-color":"var(--ast-global-color-5)","background-image":"","background-repeat":"repeat","background-position":"center center","background-size":"auto","background-attachment":"scroll","background-type":"","background-media":"","overlay-type":"","overlay-color":"","overlay-opacity":"","overlay-gradient":""},"mobile":{"background-color":"var(--ast-global-color-5)","background-image":"","background-repeat":"repeat","background-position":"center center","background-size":"auto","background-attachment":"scroll","background-type":"","background-media":"","overlay-type":"","overlay-color":"","overlay-opacity":"","overlay-gradient":""}},"footnotes":""},"categories":[],"tags":[],"class_list":["post-65731","page","type-page","status-publish","hentry"],"featured_image_urls_v2":{"full":"","thumbnail":"","medium":"","medium_large":"","large":"","1536x1536":"","2048x2048":"","menu-24x24":"","menu-36x36":"","menu-48x48":""},"post_excerpt_stackable_v2":"<p>\ud83d\udcf7 Magdalena Marcula Language classes Polish Language Course Foreign Language Course Polish Language Course The Polish Language Course is mandatory for all international students. For full-time students:The course is organized by the School of Polish Language and Culture for Foreigners (Szko\u0142a J\u0119zyka Polskiego i Kultury dla Cudzoziemc\u00f3w). To enroll, students are required to send a notification of participation to the School at sjpkc@uwr.edu.pl or directly to Mr. Rafa\u0142 Krawczyk at rafal.krawczyk@uwr.edu.pl. For part-time students:The course is organized by the Institute. Enrollment is automatic, and no additional notification of participation is required. For more details, please visit the School\u2019s website. Foreign&hellip;<\/p>\n","category_list_v2":"Uncategorized","author_info_v2":{"name":"ppawinski","url":"https:\/\/wksm.uwr.edu.pl\/en\/author\/ppawinski\/"},"comments_num_v2":"0 comments","acf":[],"yoast_head":"<!-- This site is optimized with the Yoast SEO plugin v27.1.1 - https:\/\/yoast.com\/product\/yoast-seo-wordpress\/ -->\n<title>Language classes - Faculty of Social Communication and Media<\/title>\n<meta name=\"description\" content=\"Wydzia\u0142 Filologiczny\" \/>\n<meta name=\"robots\" content=\"index, follow, max-snippet:-1, max-image-preview:large, max-video-preview:-1\" \/>\n<link rel=\"canonical\" href=\"https:\/\/wksm.uwr.edu.pl\/en\/language-classes\/\" \/>\n<meta property=\"og:locale\" content=\"en_US\" \/>\n<meta property=\"og:type\" content=\"article\" \/>\n<meta property=\"og:title\" content=\"Language classes - Faculty of Social Communication and Media\" \/>\n<meta property=\"og:description\" content=\"Wydzia\u0142 Filologiczny\" \/>\n<meta property=\"og:url\" content=\"https:\/\/wksm.uwr.edu.pl\/en\/language-classes\/\" \/>\n<meta property=\"og:site_name\" content=\"Faculty of Social Communication and Media\" \/>\n<meta property=\"article:modified_time\" content=\"2025-11-12T08:22:01+00:00\" \/>\n<meta property=\"og:image\" content=\"https:\/\/wksm.uwr.edu.pl\/wp-content\/uploads\/sites\/540\/2025\/01\/studenci-UWr-fot.-Magdalena-Marcula-Biuro-ds.-Promocji-UWr-3-scaled.jpg\" \/>\n\t<meta property=\"og:image:width\" content=\"2560\" \/>\n\t<meta property=\"og:image:height\" content=\"1707\" \/>\n\t<meta property=\"og:image:type\" content=\"image\/jpeg\" \/>\n<meta name=\"twitter:card\" content=\"summary_large_image\" \/>\n<meta name=\"twitter:label1\" content=\"Est. reading time\" \/>\n\t<meta name=\"twitter:data1\" content=\"2 minutes\" \/>\n<script type=\"application\/ld+json\" class=\"yoast-schema-graph\">{\"@context\":\"https:\/\/schema.org\",\"@graph\":[{\"@type\":\"WebPage\",\"@id\":\"https:\/\/wksm.uwr.edu.pl\/en\/language-classes\/\",\"url\":\"https:\/\/wksm.uwr.edu.pl\/en\/language-classes\/\",\"name\":\"Language classes - Faculty of Social Communication and Media\",\"isPartOf\":{\"@id\":\"https:\/\/wksm.uwr.edu.pl\/#website\"},\"primaryImageOfPage\":{\"@id\":\"https:\/\/wksm.uwr.edu.pl\/en\/language-classes\/#primaryimage\"},\"image\":{\"@id\":\"https:\/\/wksm.uwr.edu.pl\/en\/language-classes\/#primaryimage\"},\"thumbnailUrl\":\"https:\/\/wksm.uwr.edu.pl\/wp-content\/uploads\/sites\/540\/2025\/01\/studenci-UWr-fot.-Magdalena-Marcula-Biuro-ds.-Promocji-UWr-3-scaled.jpg\",\"datePublished\":\"2025-03-01T13:24:07+00:00\",\"dateModified\":\"2025-11-12T08:22:01+00:00\",\"description\":\"Wydzia\u0142 Filologiczny\",\"breadcrumb\":{\"@id\":\"https:\/\/wksm.uwr.edu.pl\/en\/language-classes\/#breadcrumb\"},\"inLanguage\":\"en-US\",\"potentialAction\":[{\"@type\":\"ReadAction\",\"target\":[\"https:\/\/wksm.uwr.edu.pl\/en\/language-classes\/\"]}]},{\"@type\":\"ImageObject\",\"inLanguage\":\"en-US\",\"@id\":\"https:\/\/wksm.uwr.edu.pl\/en\/language-classes\/#primaryimage\",\"url\":\"https:\/\/wksm.uwr.edu.pl\/wp-content\/uploads\/sites\/540\/2025\/01\/studenci-UWr-fot.-Magdalena-Marcula-Biuro-ds.-Promocji-UWr-3-scaled.jpg\",\"contentUrl\":\"https:\/\/wksm.uwr.edu.pl\/wp-content\/uploads\/sites\/540\/2025\/01\/studenci-UWr-fot.-Magdalena-Marcula-Biuro-ds.-Promocji-UWr-3-scaled.jpg\"},{\"@type\":\"BreadcrumbList\",\"@id\":\"https:\/\/wksm.uwr.edu.pl\/en\/language-classes\/#breadcrumb\",\"itemListElement\":[{\"@type\":\"ListItem\",\"position\":1,\"name\":\"Strona g\u0142\u00f3wna\",\"item\":\"https:\/\/wksm.uwr.edu.pl\/en\/\"},{\"@type\":\"ListItem\",\"position\":2,\"name\":\"Language classes\"}]},{\"@type\":\"WebSite\",\"@id\":\"https:\/\/wksm.uwr.edu.pl\/#website\",\"url\":\"https:\/\/wksm.uwr.edu.pl\/\",\"name\":\"Faculty of Social Communication and Media\",\"description\":\"Kolejna witryna sieci \u201eUWR Witryny\u201d\",\"publisher\":{\"@id\":\"https:\/\/wksm.uwr.edu.pl\/#organization\"},\"potentialAction\":[{\"@type\":\"SearchAction\",\"target\":{\"@type\":\"EntryPoint\",\"urlTemplate\":\"https:\/\/wksm.uwr.edu.pl\/?s={search_term_string}\"},\"query-input\":{\"@type\":\"PropertyValueSpecification\",\"valueRequired\":true,\"valueName\":\"search_term_string\"}}],\"inLanguage\":\"en-US\"},{\"@type\":\"Organization\",\"@id\":\"https:\/\/wksm.uwr.edu.pl\/#organization\",\"name\":\"Faculty of Social Communication and Media\",\"url\":\"https:\/\/wksm.uwr.edu.pl\/\",\"logo\":{\"@type\":\"ImageObject\",\"inLanguage\":\"en-US\",\"@id\":\"https:\/\/wksm.uwr.edu.pl\/#\/schema\/logo\/image\/\",\"url\":\"https:\/\/wksm.uwr.edu.pl\/wp-content\/uploads\/sites\/540\/2025\/10\/UWr-logotyp-2025.png\",\"contentUrl\":\"https:\/\/wksm.uwr.edu.pl\/wp-content\/uploads\/sites\/540\/2025\/10\/UWr-logotyp-2025.png\",\"width\":764,\"height\":269,\"caption\":\"Faculty of Social Communication and Media\"},\"image\":{\"@id\":\"https:\/\/wksm.uwr.edu.pl\/#\/schema\/logo\/image\/\"}}]}<\/script>\n<!-- \/ Yoast SEO plugin. -->","yoast_head_json":{"title":"Language classes - Faculty of Social Communication and Media","description":"Wydzia\u0142 Filologiczny","robots":{"index":"index","follow":"follow","max-snippet":"max-snippet:-1","max-image-preview":"max-image-preview:large","max-video-preview":"max-video-preview:-1"},"canonical":"https:\/\/wksm.uwr.edu.pl\/en\/language-classes\/","og_locale":"en_US","og_type":"article","og_title":"Language classes - Faculty of Social Communication and Media","og_description":"Wydzia\u0142 Filologiczny","og_url":"https:\/\/wksm.uwr.edu.pl\/en\/language-classes\/","og_site_name":"Faculty of Social Communication and Media","article_modified_time":"2025-11-12T08:22:01+00:00","og_image":[{"width":2560,"height":1707,"url":"https:\/\/wksm.uwr.edu.pl\/wp-content\/uploads\/sites\/540\/2025\/01\/studenci-UWr-fot.-Magdalena-Marcula-Biuro-ds.-Promocji-UWr-3-scaled.jpg","type":"image\/jpeg"}],"twitter_card":"summary_large_image","twitter_misc":{"Est. reading time":"2 minutes"},"schema":{"@context":"https:\/\/schema.org","@graph":[{"@type":"WebPage","@id":"https:\/\/wksm.uwr.edu.pl\/en\/language-classes\/","url":"https:\/\/wksm.uwr.edu.pl\/en\/language-classes\/","name":"Language classes - Faculty of Social Communication and Media","isPartOf":{"@id":"https:\/\/wksm.uwr.edu.pl\/#website"},"primaryImageOfPage":{"@id":"https:\/\/wksm.uwr.edu.pl\/en\/language-classes\/#primaryimage"},"image":{"@id":"https:\/\/wksm.uwr.edu.pl\/en\/language-classes\/#primaryimage"},"thumbnailUrl":"https:\/\/wksm.uwr.edu.pl\/wp-content\/uploads\/sites\/540\/2025\/01\/studenci-UWr-fot.-Magdalena-Marcula-Biuro-ds.-Promocji-UWr-3-scaled.jpg","datePublished":"2025-03-01T13:24:07+00:00","dateModified":"2025-11-12T08:22:01+00:00","description":"Wydzia\u0142 Filologiczny","breadcrumb":{"@id":"https:\/\/wksm.uwr.edu.pl\/en\/language-classes\/#breadcrumb"},"inLanguage":"en-US","potentialAction":[{"@type":"ReadAction","target":["https:\/\/wksm.uwr.edu.pl\/en\/language-classes\/"]}]},{"@type":"ImageObject","inLanguage":"en-US","@id":"https:\/\/wksm.uwr.edu.pl\/en\/language-classes\/#primaryimage","url":"https:\/\/wksm.uwr.edu.pl\/wp-content\/uploads\/sites\/540\/2025\/01\/studenci-UWr-fot.-Magdalena-Marcula-Biuro-ds.-Promocji-UWr-3-scaled.jpg","contentUrl":"https:\/\/wksm.uwr.edu.pl\/wp-content\/uploads\/sites\/540\/2025\/01\/studenci-UWr-fot.-Magdalena-Marcula-Biuro-ds.-Promocji-UWr-3-scaled.jpg"},{"@type":"BreadcrumbList","@id":"https:\/\/wksm.uwr.edu.pl\/en\/language-classes\/#breadcrumb","itemListElement":[{"@type":"ListItem","position":1,"name":"Strona g\u0142\u00f3wna","item":"https:\/\/wksm.uwr.edu.pl\/en\/"},{"@type":"ListItem","position":2,"name":"Language classes"}]},{"@type":"WebSite","@id":"https:\/\/wksm.uwr.edu.pl\/#website","url":"https:\/\/wksm.uwr.edu.pl\/","name":"Faculty of Social Communication and Media","description":"Kolejna witryna sieci \u201eUWR Witryny\u201d","publisher":{"@id":"https:\/\/wksm.uwr.edu.pl\/#organization"},"potentialAction":[{"@type":"SearchAction","target":{"@type":"EntryPoint","urlTemplate":"https:\/\/wksm.uwr.edu.pl\/?s={search_term_string}"},"query-input":{"@type":"PropertyValueSpecification","valueRequired":true,"valueName":"search_term_string"}}],"inLanguage":"en-US"},{"@type":"Organization","@id":"https:\/\/wksm.uwr.edu.pl\/#organization","name":"Faculty of Social Communication and Media","url":"https:\/\/wksm.uwr.edu.pl\/","logo":{"@type":"ImageObject","inLanguage":"en-US","@id":"https:\/\/wksm.uwr.edu.pl\/#\/schema\/logo\/image\/","url":"https:\/\/wksm.uwr.edu.pl\/wp-content\/uploads\/sites\/540\/2025\/10\/UWr-logotyp-2025.png","contentUrl":"https:\/\/wksm.uwr.edu.pl\/wp-content\/uploads\/sites\/540\/2025\/10\/UWr-logotyp-2025.png","width":764,"height":269,"caption":"Faculty of Social Communication and Media"},"image":{"@id":"https:\/\/wksm.uwr.edu.pl\/#\/schema\/logo\/image\/"}}]}},"publishpress_future_action":{"enabled":false,"date":"2026-05-06 06:35:59","action":"change-status","newStatus":"draft","terms":[],"taxonomy":"category","extraData":[]},"publishpress_future_workflow_manual_trigger":{"enabledWorkflows":[]},"_links":{"self":[{"href":"https:\/\/wksm.uwr.edu.pl\/en\/wp-json\/wp\/v2\/pages\/65731\/"}],"collection":[{"href":"https:\/\/wksm.uwr.edu.pl\/en\/wp-json\/wp\/v2\/pages\/"}],"about":[{"href":"https:\/\/wksm.uwr.edu.pl\/en\/wp-json\/wp\/v2\/types\/page\/"}],"author":[{"embeddable":true,"href":"https:\/\/wksm.uwr.edu.pl\/en\/wp-json\/wp\/v2\/users\/9417\/"}],"replies":[{"embeddable":true,"href":"https:\/\/wksm.uwr.edu.pl\/en\/wp-json\/wp\/v2\/comments\/?post=65731"}],"version-history":[{"count":1,"href":"https:\/\/wksm.uwr.edu.pl\/en\/wp-json\/wp\/v2\/pages\/65731\/revisions\/"}],"predecessor-version":[{"id":65734,"href":"https:\/\/wksm.uwr.edu.pl\/en\/wp-json\/wp\/v2\/pages\/65731\/revisions\/65734\/"}],"wp:attachment":[{"href":"https:\/\/wksm.uwr.edu.pl\/en\/wp-json\/wp\/v2\/media\/?parent=65731"}],"wp:term":[{"taxonomy":"category","embeddable":true,"href":"https:\/\/wksm.uwr.edu.pl\/en\/wp-json\/wp\/v2\/categories\/?post=65731"},{"taxonomy":"post_tag","embeddable":true,"href":"https:\/\/wksm.uwr.edu.pl\/en\/wp-json\/wp\/v2\/tags\/?post=65731"}],"curies":[{"name":"wp","href":"https:\/\/api.w.org\/{rel}","templated":true}]}}